{"id":113,"date":"2024-12-28T00:00:19","date_gmt":"2024-12-27T23:00:19","guid":{"rendered":"https:\/\/repartygames.com\/?page_id=113"},"modified":"2025-03-18T19:08:21","modified_gmt":"2025-03-18T18:08:21","slug":"sobre-nosotros","status":"publish","type":"page","link":"https:\/\/repartygames.com\/?page_id=113","title":{"rendered":"Sobre nosotros"},"content":{"rendered":"\t\t<div data-elementor-type=\"wp-page\" data-elementor-id=\"113\" class=\"elementor elementor-113\">\n\t\t\t\t<div class=\"elementor-element elementor-element-0146730 e-flex e-con-boxed e-con e-parent\" data-id=\"0146730\" data-element_type=\"container\">\n\t\t\t\t\t<div class=\"e-con-inner\">\n\t\t\t\t<div class=\"elementor-element elementor-element-ec8bd8c elementor-widget elementor-widget-text-editor\" data-id=\"ec8bd8c\" data-element_type=\"widget\" data-widget_type=\"text-editor.default\">\n\t\t\t\t<div class=\"elementor-widget-container\">\n\t\t\t\t\t\t\t\t\t<p><span style=\"color: #003300;\">\u00bfTe gusta pasar una tarde divertida en familia? <\/span><\/p>\n<p><span style=\"color: #003300;\">\u00bfEres el que siempre lleva el juego de mesa cuando quedas con tus amigos?<\/span><\/p>\n<p><span style=\"color: #003300;\">\u00a1Nosotros tambi\u00e9n!<\/span><\/p>\n<p><span style=\"color: #003300;\">En <strong>RE-PARTY GAMES<\/strong> nos gusta reunirnos y pasarlo bien. Por eso, en 2023 empezamos a desarrollar\u00a0<i>Entr\u00e9galo, si puedes<\/i>, un divertido juego de cartas en el que os convertir\u00e9is en un repartidor de la empresa Reparty y ganar\u00e1 el primero en entregar sus cajas.<\/span><\/p>\n<p><span style=\"color: #003300;\">\u00bfC\u00f3mo surgi\u00f3 la idea? Pues es que nosotros siempre estamos escribiendo, ideando y creando. Somos un peque\u00f1o equipo de Alicante que nos inspiramos en lo cotidiano para crear algo extraordinario. Con muchas ganas, ilusi\u00f3n y trabajo hemos publicado nuestro primer juego. \u00a1Pero ya tenemos muchas m\u00e1s ideas!<\/span><\/p>\n<p><span style=\"color: #003300;\">\u00bfQuieres saber m\u00e1s? Visita nuestra tienda y \u00a1reparte diversi\u00f3n!<\/span><\/p>\t\t\t\t\t\t\t\t<\/div>\n\t\t\t\t<\/div>\n\t\t\t\t\t<\/div>\n\t\t\t\t<\/div>\n\t\t<div class=\"elementor-element elementor-element-8dd0400 e-flex e-con-boxed e-con e-parent\" data-id=\"8dd0400\" data-element_type=\"container\">\n\t\t\t\t\t<div class=\"e-con-inner\">\n\t\t\t\t<div class=\"elementor-element elementor-element-97a2ecf elementor-widget elementor-widget-heading\" data-id=\"97a2ecf\" data-element_type=\"widget\" data-widget_type=\"heading.default\">\n\t\t\t\t<div class=\"elementor-widget-container\">\n\t\t\t\t\t<h2 class=\"elementor-heading-title elementor-size-default\"><h2 data-elementor-setting-key=\"title\" data-pen-placeholder=\"Teclea aqu\u00ed...\" style=\"font-family: Roboto, sans-serif;font-weight: 600\"><span style=\"font-family: var( --e-global-typography-primary-font-family ), Sans-serif;font-weight: var( --e-global-typography-primary-font-weight );text-align: var(--text-align);background-color: var(--wp--preset--color--background);font-size: 25px\"><font color=\"#000102\">Aviso legal<\/font><\/span><\/h2><\/h2>\t\t\t\t<\/div>\n\t\t\t\t<\/div>\n\t\t\t\t<div class=\"elementor-element elementor-element-21a98c6 elementor-widget elementor-widget-text-editor\" data-id=\"21a98c6\" data-element_type=\"widget\" data-widget_type=\"text-editor.default\">\n\t\t\t\t<div class=\"elementor-widget-container\">\n\t\t\t\t\t\t\t\t\t<p><span style=\"color: #000000;\"><strong>Reparty Games<\/strong> y <strong>Entr\u00e9galo, si puedes<\/strong> son marcas registradas por Irene Robles. Las ilustraciones y elementos gr\u00e1ficos han sido elaborados por Elena Marcia, que cede los derechos de explotaci\u00f3n a Irene Robles.\u00a0<\/span><\/p>\n<p><span style=\"color: #000000;\">Se advierte a clientes y usuarios que no est\u00e1 permitida la reproducci\u00f3n, adaptaci\u00f3n, distribuci\u00f3n, comercializaci\u00f3n o comunicaci\u00f3n p\u00fablica de parte o totalidad de estas obras sin el consentimiento expreso de sus creadores.<\/span><\/p>\t\t\t\t\t\t\t\t<\/div>\n\t\t\t\t<\/div>\n\t\t\t\t\t<\/div>\n\t\t\t\t<\/div>\n\t\t<div class=\"elementor-element elementor-element-5ad987a e-flex e-con-boxed e-con e-parent\" data-id=\"5ad987a\" data-element_type=\"container\">\n\t\t\t\t\t<div class=\"e-con-inner\">\n\t\t\t\t<div class=\"elementor-element elementor-element-b449ed5 elementor-widget elementor-widget-heading\" data-id=\"b449ed5\" data-element_type=\"widget\" data-widget_type=\"heading.default\">\n\t\t\t\t<div class=\"elementor-widget-container\">\n\t\t\t\t\t<h2 class=\"elementor-heading-title elementor-size-default\">Pol\u00edtica de privacidad<\/h2>\t\t\t\t<\/div>\n\t\t\t\t<\/div>\n\t\t\t\t\t<\/div>\n\t\t\t\t<\/div>\n\t\t<div class=\"elementor-element elementor-element-d92a5f5 e-flex e-con-boxed e-con e-parent\" data-id=\"d92a5f5\" data-element_type=\"container\">\n\t\t\t\t\t<div class=\"e-con-inner\">\n\t\t\t\t<div class=\"elementor-element elementor-element-f7e2e1d elementor-widget elementor-widget-text-editor\" data-id=\"f7e2e1d\" data-element_type=\"widget\" data-widget_type=\"text-editor.default\">\n\t\t\t\t<div class=\"elementor-widget-container\">\n\t\t\t\t\t\t\t\t\t<p><span style=\"color: #000000;\">Esta pol\u00edtica se aplica al sitio web www.repartygames.com y a todos los servicios y productos ofrecidos en Internet por RE-PARTY GAMES.<\/span><\/p>\n<p><span style=\"color: #000000;\"><!-- \/wp:paragraph --><!-- wp:paragraph --><\/span><\/p>\n<p><span style=\"color: #000000;\">Hemos adecuado esta web a las exigencias de la Ley Org\u00e1nica 15\/1999, de 13 de diciembre, de Protecci\u00f3n de Datos de Car\u00e1cter Personal (LOPD), y al Real Decreto 1720\/2007, de 21 de diciembre, conocido como el Reglamento de desarrollo de la LOPD. El sitio web cumple tambi\u00e9n con el Reglamento (UE) 2016\/679 del Parlamento Europeo y del Consejo de 27 de abril de 2016 relativo a la protecci\u00f3n de las personas f\u00edsicas (RGPD), as\u00ed como con la Ley 34\/2002, de 11 de julio, de Servicios de la Sociedad de la Informaci\u00f3n y Comercio Electr\u00f3nico (LSSICE o LSSI).<\/span><\/p>\n<p><span style=\"color: #000000;\"><!-- \/wp:paragraph --><!-- wp:paragraph --><\/span><\/p>\n<p><span style=\"color: #000000;\">A continuaci\u00f3n, se detallan los t\u00e9rminos en materia de privacidad que se han adoptado a fin de que cualquier usuario los conozca antes de facilitarnos sus datos.<\/span><\/p>\n<p><span style=\"color: #000000;\"><!-- \/wp:paragraph --><!-- wp:paragraph --><\/span><\/p>\n<p><span style=\"color: #000000;\">RE-PARTY GAMES garantiza los derechos de los usuarios de esta web, siendo una prioridad el respeto y la protecci\u00f3n de los datos personales que sean requeridos por la misma. Es por ello que:<\/span><\/p>\n<p><span style=\"color: #000000;\"><!-- \/wp:paragraph --><!-- wp:paragraph --><\/span><\/p>\n<p><span style=\"color: #000000;\">\u00b7 Nunca solicitamos informaci\u00f3n personal a menos que realmente sea necesaria para prestar los servicios requeridos.<\/span><\/p>\n<p><span style=\"color: #000000;\"><!-- \/wp:paragraph --><!-- wp:paragraph --><\/span><\/p>\n<p><span style=\"color: #000000;\">\u00b7 Nunca compartimos informaci\u00f3n personal con terceros, a menos que sea necesario para la prestaci\u00f3n del servicio, lo exija la ley, o contemos con la autorizaci\u00f3n expresa del usuario.<\/span><\/p>\n<p><span style=\"color: #000000;\"><!-- \/wp:paragraph --><!-- wp:paragraph --><\/span><\/p>\n<p><span style=\"color: #000000;\">\u00b7 Nunca utilizamos datos personales de los usuarios con una finalidad diferente a la expresada en esta pol\u00edtica de privacidad.<\/span><\/p>\n<p><span style=\"color: #000000;\"><!-- \/wp:paragraph --><!-- wp:paragraph --><\/span><\/p>\n<p><span style=\"color: #000000;\">La actual pol\u00edtica de privacidad podr\u00eda variar debido a exigencias legislativas o de autorregulaci\u00f3n, por lo que es aconsejable visitarla de manera peri\u00f3dica o antes de utilizar los servicios del sitio web. Ser\u00e1 aplicable en caso de que los usuarios decidan rellenar cualquiera de sus formularios de contacto donde se recaben datos de car\u00e1cter personal.<\/span><\/p>\n<p><span style=\"color: #000000;\"><!-- \/wp:paragraph --><!-- wp:paragraph --><\/span><\/p>\n<p><span style=\"color: #000000;\">Responsable del tratamiento de tus datos personales:<\/span><\/p>\n<p><span style=\"color: #000000;\"><!-- \/wp:paragraph --><!-- wp:paragraph --><\/span><\/p>\n<p><span style=\"color: #000000;\">Responsable: RE-PARTY GAMES<\/span><\/p>\n<p><span style=\"color: #000000;\"><!-- \/wp:paragraph --><!-- wp:paragraph --><\/span><\/p>\n<p><span style=\"color: #000000;\">Nombre comercial: RE-PARTY GAMES<\/span><\/p>\n<p><span style=\"color: #000000;\">Correo electr\u00f3nico: info@repartygames.com<\/span><\/p>\n<p><span style=\"color: #000000;\"><!-- \/wp:paragraph --><!-- wp:paragraph --><\/span><\/p>\n<p><span style=\"color: #000000;\"><!-- \/wp:paragraph --><!-- wp:paragraph --><\/span><\/p>\n<p><span style=\"color: #000000;\"><!-- \/wp:paragraph --><!-- wp:paragraph --><\/span><\/p>\n<p><span style=\"color: #000000;\">Actividad: Creaci\u00f3n de juegos de mesa.<\/span><\/p>\n<p><span style=\"color: #000000;\"><!-- \/wp:paragraph --><!-- wp:paragraph --><\/span><\/p>\n<p><span style=\"color: #000000;\"><!-- \/wp:paragraph --><!-- wp:paragraph --><\/span><\/p>\n<p><span style=\"color: #000000;\"><strong>\u00bfC\u00f3mo obtenemos tus datos y con qu\u00e9 finalidad los tratamos?<\/strong><\/span><\/p>\n<p><span style=\"color: #000000;\"><!-- \/wp:paragraph --><!-- wp:paragraph --><\/span><\/p>\n<p><span style=\"color: #000000;\">Los datos personales que tratamos han sido facilitados por el propio interesado a trav\u00e9s de las siguientes fuentes:<\/span><\/p>\n<p><span style=\"color: #000000;\"><!-- \/wp:paragraph --><!-- wp:paragraph --><\/span><\/p>\n<p><span style=\"color: #000000;\">\u2013 Formulario de contacto.<\/span><\/p>\n<p><span style=\"color: #000000;\"><!-- \/wp:paragraph --><!-- wp:paragraph --><\/span><\/p>\n<p><span style=\"color: #000000;\">\u2013 Registro como usuario en el sitio web.<\/span><\/p>\n<p><span style=\"color: #000000;\"><!-- \/wp:paragraph --><!-- wp:paragraph --><\/span><\/p>\n<p><span style=\"color: #000000;\">\u2013 Correo electr\u00f3nico.<\/span><\/p>\n<p><span style=\"color: #000000;\"><!-- \/wp:paragraph --><!-- wp:paragraph --><\/span><\/p>\n<p><span style=\"color: #000000;\">\u2013 Compra de productos.<\/span><\/p>\n<p><span style=\"color: #000000;\"><!-- \/wp:paragraph --><!-- wp:paragraph --><\/span><\/p>\n<p><span style=\"color: #000000;\">Todos los datos de car\u00e1cter personal facilitados ser\u00e1n incorporados en ficheros manuales y\/o informatizados responsabilidad de RE-PARTY GAMES, para la gesti\u00f3n administrativa de nuestros clientes, proveedores, suscriptores, candidatos, usuarios, etc., as\u00ed como para el env\u00edo de comunicaciones postales o telem\u00e1ticas o por otro medios con ocasi\u00f3n de acontecimientos puntuales y promociones que puedan ser de inter\u00e9s para el afectado. Asimismo, podr\u00e1n ser cedidos a las empresas del sector, cuando ello resulte necesario para el estricto cumplimiento de los citados fines. De este modo, mediante el registro como usuario en la web, el titular de los datos manifiesta, de forma expresa, su consentimiento para el tratamiento y la cesi\u00f3n, en su caso, de sus datos de car\u00e1cter personal con las finalidades descritas.<\/span><\/p>\n<p><span style=\"color: #000000;\"><!-- \/wp:paragraph --><!-- wp:paragraph --><\/span><\/p>\n<p><span style=\"color: #000000;\">De acuerdo con la Ley 34\/2002 de Servicios de la Sociedad de la Informaci\u00f3n y de comercio electr\u00f3nico, RE-PARTY GAMES no realiza pr\u00e1cticas de SPAM, y por tanto no env\u00eda correos comerciales por v\u00eda electr\u00f3nica que no hayan sido previamente solicitados o autorizados por el usuario. En consecuencia, en cada uno de los formularios habidos en la web, el usuario tiene la posibilidad de dar su consentimiento expreso para recibir el bolet\u00edn, con independencia de la informaci\u00f3n comercial puntualmente solicitada.<\/span><\/p>\n<p><span style=\"color: #000000;\"><!-- \/wp:paragraph --><!-- wp:paragraph --><\/span><\/p>\n<p><span style=\"color: #000000;\">Igualmente, se prev\u00e9 la utilizaci\u00f3n de cookies, log, enlaces y otras tecnolog\u00edas para almacenar las preferencias del usuario con el fin de mejorar la calidad de nuestros servicios, asegurar el funcionamiento t\u00e9cnico de la red, y desarrollar nuevas y mejores prestaciones. Si usted lo desea puede configurar su navegador para ser avisado en pantalla de la recepci\u00f3n de cookies y para impedir la instalaci\u00f3n de cookies en su disco duro. Por favor, consulte las instrucciones y manuales de su navegador para ampliar esta informaci\u00f3n. No obstante, si se desactivan o rechazan las cookies, puede ocurrir que algunas de las funciones y\/o servicios de la web no funcionen adecuadamente.<\/span><\/p>\n<p><span style=\"color: #000000;\"><!-- \/wp:paragraph --><!-- wp:paragraph --><\/span><\/p>\n<p><span style=\"color: #000000;\">Esta web no ejerce control sobre los sitios web mostrados como resultado de su b\u00fasqueda, enlaces o accesos desde nuestro directorio. Estos otros sitios web pueden colocar sus propias cookies o solicitarle informaci\u00f3n personal.<\/span><\/p>\n<p><span style=\"color: #000000;\"><!-- \/wp:paragraph --><!-- wp:paragraph --><\/span><\/p>\n<p><span style=\"color: #000000;\"><strong>\u00bfDurante cu\u00e1nto tiempo conservaremos los datos?<\/strong><\/span><\/p>\n<p><span style=\"color: #000000;\"><!-- \/wp:paragraph --><!-- wp:paragraph --><\/span><\/p>\n<p><span style=\"color: #000000;\">Los datos personales proporcionados se conservar\u00e1n mientras se mantenga la relaci\u00f3n mercantil o el interesado no solicite su supresi\u00f3n.<\/span><\/p>\n<p><span style=\"color: #000000;\"><!-- \/wp:paragraph --><!-- wp:paragraph --><\/span><\/p>\n<p><span style=\"color: #000000;\"><strong>Menores de edad<\/strong><\/span><\/p>\n<p><span style=\"color: #000000;\"><!-- \/wp:paragraph --><!-- wp:paragraph --><\/span><\/p>\n<p><span style=\"color: #000000;\">En el caso de los usuarios menores de dieciocho a\u00f1os se requiere el consentimiento de los padres o tutores legales para el tratamiento de datos personales. Es por ello que en ning\u00fan caso se recabar\u00e1n datos de un menor de edad sin el consentimiento de \u00e9stos.<\/span><\/p>\n<p><span style=\"color: #000000;\"><!-- \/wp:paragraph --><!-- wp:paragraph --><\/span><\/p>\n<p><span style=\"color: #000000;\">Si eres menor de dieciocho a\u00f1os y accedes a este sitio web sin avisar a tus padres, o tutores legales, no debes registrarte como usuario.<\/span><\/p>\n<p><span style=\"color: #000000;\"><!-- \/wp:paragraph --><!-- wp:paragraph --><\/span><\/p>\n<p><span style=\"color: #000000;\"><strong>\u00bfCu\u00e1les son tus derechos cuando nos facilitas tus datos?<\/strong><\/span><\/p>\n<p><span style=\"color: #000000;\"><!-- \/wp:paragraph --><!-- wp:paragraph --><\/span><\/p>\n<p><span style=\"color: #000000;\">Cualquier persona, sea usuario del sitio web o no, tiene derecho a obtener confirmaci\u00f3n sobre si en RE-PARTY GAMES estamos tratando datos personales suyos.<\/span><\/p>\n<p><span style=\"color: #000000;\"><!-- \/wp:paragraph --><!-- wp:paragraph --><\/span><\/p>\n<p><span style=\"color: #000000;\">Asimismo las personas interesadas tienen derecho a acceder a sus datos personales, as\u00ed como a solicitar la rectificaci\u00f3n de los datos inexactos o, en su caso, solicitar su supresi\u00f3n cuando, entre otros motivos, los datos ya no sean necesarios para los fines que fueron recogidos.<\/span><\/p>\n<p><span style=\"color: #000000;\"><!-- \/wp:paragraph --><!-- wp:paragraph --><\/span><\/p>\n<p><span style=\"color: #000000;\">En determinadas circunstancias, los interesados podr\u00e1n solicitar la limitaci\u00f3n del tratamiento de sus datos, en cuyo caso \u00fanicamente los conservaremos para el ejercicio o la defensa de reclamaciones.<\/span><\/p>\n<p><span style=\"color: #000000;\"><!-- \/wp:paragraph --><!-- wp:paragraph --><\/span><\/p>\n<p><span style=\"color: #000000;\">En determinadas circunstancias y por motivos relacionados con su situaci\u00f3n particular, los interesados podr\u00e1n oponerse al tratamiento de sus datos.<\/span><\/p>\n<p><span style=\"color: #000000;\"><!-- \/wp:paragraph --><!-- wp:paragraph --><\/span><\/p>\n<p><span style=\"color: #000000;\">Los interesados tambi\u00e9n tendr\u00e1n derecho a la tutela judicial efectiva y a presentar una reclamaci\u00f3n ante la autoridad de control, en este caso, la Agencia Espa\u00f1ola de Protecci\u00f3n de Datos, si consideran que el tratamiento de datos personales que le conciernen infringe el Reglamento.<\/span><\/p>\n<p><span style=\"color: #000000;\"><!-- \/wp:paragraph --><!-- wp:paragraph --><\/span><\/p>\n<p><span style=\"color: #000000;\">RE-PARTY GAMES dejar\u00e1 de tratar los datos, salvo por motivos leg\u00edtimos imperiosos, o el ejercicio o la defensa de posibles reclamaciones.<\/span><\/p>\n<p><span style=\"color: #000000;\"><!-- \/wp:paragraph --><!-- wp:paragraph --><\/span><\/p>\n<p><span style=\"color: #000000;\">Los interesados podr\u00e1n ejercitar materialmente los derechos citados mediante comunicaci\u00f3n escrita acompa\u00f1ada de una fotocopia del D.N.I. dirigida a RE-PARTY GAMES indicando \u201cProtecci\u00f3n de datos\u201d por e-mail a la direcci\u00f3n info@repartygames.com.<\/span><\/p>\n<p><span style=\"color: #000000;\"><!-- \/wp:paragraph --><!-- wp:paragraph --><\/span><\/p>\n<p><span style=\"color: #000000;\"><strong>Legitimaci\u00f3n para el tratamiento de tus datos<\/strong><\/span><\/p>\n<p><span style=\"color: #000000;\"><!-- \/wp:paragraph --><!-- wp:paragraph --><\/span><\/p>\n<p><span style=\"color: #000000;\">La base legal para el tratamiento de los datos es el consentimiento y la aceptaci\u00f3n de las presentes condiciones.<\/span><\/p>\n<p><span style=\"color: #000000;\"><!-- \/wp:paragraph --><!-- wp:paragraph --><\/span><\/p>\n<p><span style=\"color: #000000;\">Los usuarios s\u00f3lo est\u00e1n autorizados al uso de la web previa aceptaci\u00f3n y cumplimiento de las condiciones aqu\u00ed recogidas, debiendo abandonar el sitio en caso contrario.<\/span><\/p>\n<p><span style=\"color: #000000;\"><!-- \/wp:paragraph --><!-- wp:paragraph --><\/span><\/p>\n<p><span style=\"color: #000000;\">La oferta prospectiva o comercial de productos y servicios est\u00e1 basada tambi\u00e9n en el consentimiento que se le solicita, sin que en ning\u00fan caso la retirada de este consentimiento condicione la contrataci\u00f3n de productos y servicios seg\u00fan los t\u00e9rminos y condiciones que constan en la pol\u00edtica comercial.<\/span><\/p>\n<p><span style=\"color: #000000;\"><!-- \/wp:paragraph --><!-- wp:paragraph --><\/span><\/p>\n<p><span style=\"color: #000000;\"><strong>Secreto y seguridad de los datos<\/strong><\/span><\/p>\n<p><span style=\"color: #000000;\"><!-- \/wp:paragraph --><!-- wp:paragraph --><\/span><\/p>\n<p><span style=\"color: #000000;\">Los ficheros se encuentran debidamente inscritos en el Registro de la Agencia Espa\u00f1ola de Protecci\u00f3n de Datos y cumplen las Medidas de Seguridad requeridas por el Real Decreto 1720\/2007 para evitar la alteraci\u00f3n, p\u00e9rdida, tratamiento o acceso no autorizado.<\/span><\/p>\n<p><span style=\"color: #000000;\"><!-- \/wp:paragraph --><!-- wp:paragraph --><\/span><\/p>\n<p><span style=\"color: #000000;\">No obstante RE-PARTY GAMES no puede garantizar la absoluta inexpugnabilidad de la red de Internet y por tanto, la violaci\u00f3n de los datos mediante accesos fraudulentos a ellos por parte de terceros.<\/span><\/p>\n<p><span style=\"color: #000000;\"><!-- \/wp:paragraph --><!-- wp:paragraph --><\/span><\/p>\n<p><span style=\"color: #000000;\"><strong>Exactitud y veracidad de los datos<\/strong><\/span><\/p>\n<p><span style=\"color: #000000;\"><!-- \/wp:paragraph --><!-- wp:paragraph --><\/span><\/p>\n<p><span style=\"color: #000000;\">El usuario es el \u00fanico responsable de la veracidad y correcci\u00f3n de los datos que remita a RE-PARTY GAMES, exonerando a la compa\u00f1\u00eda de cualquier responsabilidad al respecto. Los usuarios garantizan y responden, en cualquier caso, de la exactitud, vigencia y autenticidad de los datos personales facilitados y se comprometen a mantenerlos debidamente actualizados.<\/span><\/p>\n<p><span style=\"color: #000000;\"><!-- \/wp:paragraph --><!-- wp:paragraph --><\/span><\/p>\n<p><span style=\"color: #000000;\"><strong>Aceptaci\u00f3n y consentimiento<\/strong><\/span><\/p>\n<p><span style=\"color: #000000;\"><!-- \/wp:paragraph --><!-- wp:paragraph --><\/span><\/p>\n<p><span style=\"color: #000000;\">El usuario declara haber sido informado de las condiciones sobre protecci\u00f3n de datos de car\u00e1cter personal, aceptando y consintiendo el tratamiento de los mismos por parte de RE-PARTY GAMES en la forma y para las finalidades indicadas en esta pol\u00edtica de privacidad.<\/span><\/p>\n<p><span style=\"color: #000000;\"><!-- \/wp:paragraph --><!-- wp:paragraph --><\/span><\/p>\n<p><span style=\"color: #000000;\">S\u00f3lo estar\u00e1 autorizado al uso de la web previa aceptaci\u00f3n y cumplimiento de las condiciones aqu\u00ed recogidas, debiendo abandonar el sitio en caso contrario.<\/span><\/p>\t\t\t\t\t\t\t\t<\/div>\n\t\t\t\t<\/div>\n\t\t\t\t\t<\/div>\n\t\t\t\t<\/div>\t\t<\/div>\n\t\t","protected":false},"excerpt":{"rendered":"<p>\u00bfTe gusta pasar una tarde divertida en familia? \u00bfEres el que siempre lleva el juego de mesa cuando quedas con tus amigos? \u00a1Nosotros tambi\u00e9n! En RE-PARTY GAMES nos gusta reunirnos y pasarlo bien. Por eso, en 2023 empezamos a desarrollar\u00a0Entr\u00e9galo, si puedes, un divertido juego de cartas en el que os convertir\u00e9is en un repartidor [&hellip;]<\/p>\n","protected":false},"author":1,"featured_media":0,"parent":0,"menu_order":0,"comment_status":"closed","ping_status":"closed","template":"","meta":{"footnotes":""},"class_list":["post-113","page","type-page","status-publish","hentry"],"jetpack_sharing_enabled":true,"_links":{"self":[{"href":"https:\/\/repartygames.com\/index.php?rest_route=\/wp\/v2\/pages\/113","targetHints":{"allow":["GET"]}}],"collection":[{"href":"https:\/\/repartygames.com\/index.php?rest_route=\/wp\/v2\/pages"}],"about":[{"href":"https:\/\/repartygames.com\/index.php?rest_route=\/wp\/v2\/types\/page"}],"author":[{"embeddable":true,"href":"https:\/\/repartygames.com\/index.php?rest_route=\/wp\/v2\/users\/1"}],"replies":[{"embeddable":true,"href":"https:\/\/repartygames.com\/index.php?rest_route=%2Fwp%2Fv2%2Fcomments&post=113"}],"version-history":[{"count":25,"href":"https:\/\/repartygames.com\/index.php?rest_route=\/wp\/v2\/pages\/113\/revisions"}],"predecessor-version":[{"id":262,"href":"https:\/\/repartygames.com\/index.php?rest_route=\/wp\/v2\/pages\/113\/revisions\/262"}],"wp:attachment":[{"href":"https:\/\/repartygames.com\/index.php?rest_route=%2Fwp%2Fv2%2Fmedia&parent=113"}],"curies":[{"name":"wp","href":"https:\/\/api.w.org\/{rel}","templated":true}]}}